{"id":5071,"date":"2017-04-06T18:39:03","date_gmt":"2017-04-06T18:39:03","guid":{"rendered":"http:\/\/www.onixxmedia.com\/pay-per-click-advertising\/"},"modified":"2022-07-24T10:27:24","modified_gmt":"2022-07-24T10:27:24","slug":"campagne-de-paiement-au-cli","status":"publish","type":"page","link":"https:\/\/www.onixxmedia.com\/fr\/campagne-de-paiement-au-cli\/","title":{"rendered":"Campagne de paiement au cli"},"content":{"rendered":"<p><div class=\"fusion-fullwidth fullwidth-box fusion-builder-row-1 fusion-parallax-none nonhundred-percent-fullwidth non-hundred-percent-height-scrolling dark_bg_section\" style=\"--awb-background-position:center top;--awb-border-radius-top-left:0px;--awb-border-radius-top-right:0px;--awb-border-radius-bottom-right:0px;--awb-border-radius-bottom-left:0px;--awb-padding-top:130px;--awb-padding-bottom:130px;--awb-background-image:url(&quot;https:\/\/www.onixxmedia.com\/wp-content\/uploads\/2022\/04\/Pay-per-click-advertising.png&quot;);--awb-background-size:cover;--awb-flex-wrap:wrap;\" ><div class=\"fusion-builder-row fusion-row\"><div class=\"fusion-layout-column fusion_builder_column fusion-builder-column-0 fusion_builder_column_1_1 1_1 fusion-one-full fusion-column-first fusion-column-last\" style=\"--awb-bg-blend:overlay;--awb-bg-size:cover;\"><div class=\"fusion-column-wrapper fusion-flex-column-wrapper-legacy\"><div class=\"fusion-text fusion-text-1\"><h1 style=\"text-align: center;\">Campagne de paiement au clic<\/h1>\n<h5 style=\"text-align: center;\">La annonces Google de paiement au clic vous offrent la possibilit\u00e9 d\u2019acheter des hauts positionnements sur les pages de r\u00e9sultats de recherche Google, et des apparitions sur de nombreux sites Web de partenaires pertinents \u00e0 votre cr\u00e9neau.<\/h5>\n<\/div><div class=\"fusion-clearfix\"><\/div><\/div><\/div><\/div><\/div><div class=\"fusion-fullwidth fullwidth-box fusion-builder-row-2 nonhundred-percent-fullwidth non-hundred-percent-height-scrolling\" style=\"--awb-border-radius-top-left:0px;--awb-border-radius-top-right:0px;--awb-border-radius-bottom-right:0px;--awb-border-radius-bottom-left:0px;--awb-padding-top:100px;--awb-padding-bottom:80px;--awb-flex-wrap:wrap;\" ><div class=\"fusion-builder-row fusion-row\"><div class=\"fusion-layout-column fusion_builder_column fusion-builder-column-1 fusion_builder_column_1_1 1_1 fusion-one-full fusion-column-first fusion-column-last\" style=\"--awb-bg-blend:overlay;--awb-bg-size:cover;--awb-margin-bottom:30px;\"><div class=\"fusion-column-wrapper fusion-flex-column-wrapper-legacy\"><div class=\"fusion-image-element fusion-image-align-center in-legacy-container\" style=\"text-align:center;--awb-caption-title-font-family:var(--h2_typography-font-family);--awb-caption-title-font-weight:var(--h2_typography-font-weight);--awb-caption-title-font-style:var(--h2_typography-font-style);--awb-caption-title-size:var(--h2_typography-font-size);--awb-caption-title-transform:var(--h2_typography-text-transform);--awb-caption-title-line-height:var(--h2_typography-line-height);--awb-caption-title-letter-spacing:var(--h2_typography-letter-spacing);\"><div class=\"imageframe-align-center\"><span class=\" fusion-imageframe imageframe-none imageframe-1 hover-type-none\"><img decoding=\"async\" width=\"74\" height=\"74\" alt=\"Pay per click advertising\" title=\"icon\" src=\"https:\/\/www.onixxmedia.com\/wp-content\/uploads\/2017\/04\/icon.png\" class=\"img-responsive wp-image-4094\" srcset=\"https:\/\/www.onixxmedia.com\/wp-content\/uploads\/2017\/04\/icon-66x66.png 66w, https:\/\/www.onixxmedia.com\/wp-content\/uploads\/2017\/04\/icon.png 74w\" sizes=\"(max-width: 74px) 100vw, 74px\" \/><\/span><\/div><\/div><div class=\"fusion-clearfix\"><\/div><\/div><\/div><div class=\"fusion-layout-column fusion_builder_column fusion-builder-column-2 fusion_builder_column_1_1 1_1 fusion-one-full fusion-column-first fusion-column-last\" style=\"--awb-bg-blend:overlay;--awb-bg-size:cover;--awb-margin-bottom:30px;\"><div class=\"fusion-column-wrapper fusion-flex-column-wrapper-legacy\"><div class=\"fusion-text fusion-text-2\"><p style=\"text-align: center; font-size: 20px;\">Le paiement au clic contribue au trafic de votre page et vous offrira de nombreuses fa\u00e7ons d\u2019am\u00e9liorer vos strat\u00e9gies de r\u00e9f\u00e9rencement d\u00e9j\u00e0 existantes, en examinant les mots cl\u00e9s, les mod\u00e8les d\u2019entreprise et les strat\u00e9gies de march\u00e9 afin de cr\u00e9er une strat\u00e9gie marketing en ligne et des id\u00e9es de r\u00e9f\u00e9rencement qui seront appuy\u00e9es par des chiffres et des faits.<\/p>\n<p style=\"text-align: center; font-size: 20px;\">Chez Onixx Media, nous comptons sur des experts qualifies et exp\u00e9riment\u00e9s, qui cerneront les mots-cl\u00e9s potentiels avec des recherches des concurrences de haut et de moyen niveau. Ainsi, vous b\u00e9n\u00e9ficierez d\u2019un trafic de conversions cibl\u00e9es gr\u00e2ce \u00e0 notre recherche par mots cl\u00e9s. Nous vous aiderons \u00e0 optimiser votre campagne afin obtenir le maximum de clics et de conversions \u00e0 moindres co\u00fbts.<\/p>\n<\/div><div class=\"fusion-aligncenter\"><a class=\"fusion-button button-flat fusion-button-default-size button-default fusion-button-default button-1 fusion-button-default-span fusion-button-default-type\" target=\"_self\" href=\"https:\/\/www.onixxmedia.com\/quote-request\/\"><span class=\"fusion-button-text awb-button__text awb-button__text--default\">D\u00e9marrer un projet<\/span><\/a><\/div><div class=\"fusion-clearfix\"><\/div><\/div><\/div><\/div><\/div><div class=\"fusion-fullwidth fullwidth-box fusion-builder-row-3 nonhundred-percent-fullwidth non-hundred-percent-height-scrolling seo_page_boxes\" style=\"--awb-border-radius-top-left:0px;--awb-border-radius-top-right:0px;--awb-border-radius-bottom-right:0px;--awb-border-radius-bottom-left:0px;--awb-padding-top:100px;--awb-padding-bottom:80px;--awb-background-color:#f1f0f0;--awb-flex-wrap:wrap;\" ><div class=\"fusion-builder-row fusion-row\"><div class=\"fusion-layout-column fusion_builder_column fusion-builder-column-3 fusion_builder_column_1_1 1_1 fusion-one-full fusion-column-first fusion-column-last\" style=\"--awb-bg-blend:overlay;--awb-bg-size:cover;\"><div class=\"fusion-column-wrapper fusion-flex-column-wrapper-legacy\"><div class=\"fusion-title title fusion-title-1 fusion-sep-none fusion-title-center fusion-title-text fusion-title-size-two\" style=\"--awb-margin-top-small:10px;--awb-margin-right-small:0px;--awb-margin-bottom-small:10px;--awb-margin-left-small:0px;\"><h2 class=\"fusion-title-heading title-heading-center fusion-responsive-typography-calculated\" style=\"margin:0;--fontSize:40;line-height:1.13;\">Nos valeurs fondamentales<\/h2><\/div><div class=\"fusion-clearfix\"><\/div><\/div><\/div><div class=\"fusion-layout-column fusion_builder_column fusion-builder-column-4 fusion_builder_column_1_4 1_4 fusion-one-fourth fusion-column-first\" style=\"--awb-padding-top:30px;--awb-padding-right:15px;--awb-padding-bottom:30px;--awb-padding-left:15px;--awb-bg-color:#ffffff;--awb-bg-color-hover:#ffffff;--awb-bg-size:cover;width:25%;width:calc(25% - ( ( 3% + 3% + 3% ) * 0.25 ) );margin-right: 3%;\"><div class=\"fusion-column-wrapper fusion-flex-column-wrapper-legacy\"><div class=\"fusion-title title fusion-title-2 fusion-sep-none fusion-title-center fusion-title-text fusion-title-size-three\" style=\"--awb-margin-top:20px;--awb-margin-bottom:15px;--awb-margin-top-small:10px;--awb-margin-right-small:0px;--awb-margin-bottom-small:10px;--awb-margin-left-small:0px;\"><h3 class=\"fusion-title-heading title-heading-center fusion-responsive-typography-calculated\" style=\"margin:0;--fontSize:37.5;line-height:1.12;\"><strong>Nous ne cessons jamais de travailler pour vous<\/strong><\/h3><\/div><div class=\"fusion-text fusion-text-3\"><p style=\"text-align: center;\">Chez Onixx Media, nous offrons des services de d\u00e9veloppement de campagnes de paiement au clic, qu\u2019elles soient nouvelles ou d\u00e9j\u00e0 existantes, en plus d\u2019offrir des services de gestion et d\u2019optimisation de campagnes en cours. Que vous recherchiez une gestion de campagne mensuelle, le d\u00e9veloppement de nouvelles campagnes ou l\u2019optimisation d\u2019une campagne existante, nous avons une solution pour vous.<\/p>\n<\/div><div class=\"fusion-clearfix\"><\/div><\/div><\/div><div class=\"fusion-layout-column fusion_builder_column fusion-builder-column-5 fusion_builder_column_1_4 1_4 fusion-one-fourth\" style=\"--awb-padding-top:30px;--awb-padding-right:15px;--awb-padding-bottom:30px;--awb-padding-left:15px;--awb-bg-color:#ffffff;--awb-bg-color-hover:#ffffff;--awb-bg-size:cover;width:25%;width:calc(25% - ( ( 3% + 3% + 3% ) * 0.25 ) );margin-right: 3%;\"><div class=\"fusion-column-wrapper fusion-flex-column-wrapper-legacy\"><div class=\"fusion-title title fusion-title-3 fusion-sep-none fusion-title-center fusion-title-text fusion-title-size-three\" style=\"--awb-margin-top:20px;--awb-margin-bottom:15px;--awb-margin-top-small:10px;--awb-margin-right-small:0px;--awb-margin-bottom-small:10px;--awb-margin-left-small:0px;\"><h3 class=\"fusion-title-heading title-heading-center fusion-responsive-typography-calculated\" style=\"margin:0;--fontSize:37.5;line-height:1.12;\"><strong>Livrables<\/strong><\/h3><\/div><div class=\"fusion-text fusion-text-4\"><p style=\"text-align: center;\">Nous avons une solution de rapport compl\u00e8te avec une suggestion qui vous indique le succ\u00e8s de votre campagne selon les choix de mots cl\u00e9s et d\u2019annonces. Le rapport inclut \u00e9galement les chiffres actuels du mot cl\u00e9 que vous payez. En outre, nous vous offrons \u00e9galement une consultation compl\u00e8te sur le progr\u00e8s de votre campagne, une proposition pour stimuler la croissance et des r\u00e9ponses \u00e0 toutes autres questions.<\/p>\n<\/div><div class=\"fusion-clearfix\"><\/div><\/div><\/div><div class=\"fusion-layout-column fusion_builder_column fusion-builder-column-6 fusion_builder_column_1_4 1_4 fusion-one-fourth\" style=\"--awb-padding-top:30px;--awb-padding-right:15px;--awb-padding-bottom:30px;--awb-padding-left:15px;--awb-bg-color:#ffffff;--awb-bg-color-hover:#ffffff;--awb-bg-size:cover;width:25%;width:calc(25% - ( ( 3% + 3% + 3% ) * 0.25 ) );margin-right: 3%;\"><div class=\"fusion-column-wrapper fusion-flex-column-wrapper-legacy\"><div class=\"fusion-title title fusion-title-4 fusion-sep-none fusion-title-center fusion-title-text fusion-title-size-three\" style=\"--awb-margin-top:20px;--awb-margin-bottom:15px;--awb-margin-top-small:10px;--awb-margin-right-small:0px;--awb-margin-bottom-small:10px;--awb-margin-left-small:0px;\"><h3 class=\"fusion-title-heading title-heading-center fusion-responsive-typography-calculated\" style=\"margin:0;--fontSize:37.5;line-height:1.12;\"><strong>Tarification<\/strong><\/h3><\/div><div class=\"fusion-text fusion-text-5\"><p style=\"text-align: center;\">Onixx Media vous offre des prix comp\u00e9titifs pour la gestion et le marketing du paiement au clic de Google. Le prix peut varier en fonction de la campagne et d\u00e9pend du mot cl\u00e9 que vous avez choisi, ainsi que les besoins et crit\u00e8res que vous d\u00e9terminez pour votre campagne. Vous pouvez obtenir un devis gratuitement si vous d\u00e9sirez obtenir une estimation de prix pour une campagne de marketing de paiement au clic pour votre entreprise.<\/p>\n<\/div><div class=\"fusion-clearfix\"><\/div><\/div><\/div><div class=\"fusion-layout-column fusion_builder_column fusion-builder-column-7 fusion_builder_column_1_4 1_4 fusion-one-fourth fusion-column-last\" style=\"--awb-padding-top:30px;--awb-padding-right:20px;--awb-padding-bottom:30px;--awb-padding-left:20px;--awb-bg-color:#ffffff;--awb-bg-color-hover:#ffffff;--awb-bg-size:cover;--awb-margin-bottom:125px;width:25%;width:calc(25% - ( ( 3% + 3% + 3% ) * 0.25 ) );\"><div class=\"fusion-column-wrapper fusion-flex-column-wrapper-legacy\"><div class=\"fusion-title title fusion-title-5 fusion-sep-none fusion-title-center fusion-title-text fusion-title-size-three\" style=\"--awb-margin-top:20px;--awb-margin-bottom:15px;--awb-margin-top-small:10px;--awb-margin-right-small:0px;--awb-margin-bottom-small:10px;--awb-margin-left-small:0px;\"><h3 class=\"fusion-title-heading title-heading-center fusion-responsive-typography-calculated\" style=\"margin:0;--fontSize:37.5;line-height:1.12;\"><strong>Partenaire Google agr\u00e9\u00e9<\/strong><\/h3><\/div><div class=\"fusion-text fusion-text-6\"><p style=\"text-align: center;\">Onixx Media a la certification Google Partner pour AdWords et d\u2019autres services PPC que nous offrons aux clients. Cela garantit que nous vous offrons les meilleurs services de marketing et de gestion de Google PPC qui r\u00e9pondent \u00e0 toutes les normes et mises \u00e0 jour de Google.<\/p>\n<\/div><div class=\"fusion-clearfix\"><\/div><\/div><\/div><div class=\"fusion-layout-column fusion_builder_column fusion-builder-column-8 fusion_builder_column_1_1 1_1 fusion-one-full fusion-column-first fusion-column-last\" style=\"--awb-bg-blend:overlay;--awb-bg-size:cover;\"><div class=\"fusion-column-wrapper fusion-flex-column-wrapper-legacy\"><div class=\"fusion-title title fusion-title-6 fusion-sep-none fusion-title-center fusion-title-text fusion-title-size-two\" style=\"--awb-margin-top-small:10px;--awb-margin-right-small:0px;--awb-margin-bottom-small:10px;--awb-margin-left-small:0px;\"><h2 class=\"fusion-title-heading title-heading-center fusion-responsive-typography-calculated\" style=\"margin:0;--fontSize:40;line-height:1.13;\">Services de gestion de PPC disponibles<\/h2><\/div><div class=\"fusion-clearfix\"><\/div><\/div><\/div><div class=\"fusion-layout-column fusion_builder_column fusion-builder-column-9 fusion_builder_column_1_4 1_4 fusion-one-fourth fusion-column-first\" style=\"--awb-padding-top:30px;--awb-padding-right:15px;--awb-padding-bottom:30px;--awb-padding-left:15px;--awb-bg-color:#ffffff;--awb-bg-color-hover:#ffffff;--awb-bg-size:cover;width:25%;width:calc(25% - ( ( 3% + 3% + 3% ) * 0.25 ) );margin-right: 3%;\"><div class=\"fusion-column-wrapper fusion-flex-column-wrapper-legacy\"><div class=\"fusion-title title fusion-title-7 fusion-sep-none fusion-title-center fusion-title-text fusion-title-size-three\" style=\"--awb-margin-top:20px;--awb-margin-bottom:15px;--awb-margin-top-small:10px;--awb-margin-right-small:0px;--awb-margin-bottom-small:10px;--awb-margin-left-small:0px;\"><h3 class=\"fusion-title-heading title-heading-center fusion-responsive-typography-calculated\" style=\"margin:0;--fontSize:37.5;line-height:1.12;\"><strong>Gestion de Google Adwords<\/strong><\/h3><\/div><div class=\"fusion-text fusion-text-7\"><p style=\"text-align: center;\">Les annonces Google de paiement au clic offrent un trafic instantan\u00e9 en vous positionnant en haut de la liste sur page de r\u00e9sultats de recherche (SERP) Google. Google Adwords est l\u2019une des principales plates-formes utilis\u00e9es. Chez Onixx Media, nous avons des partenaires certifi\u00e9s Google qui vous assisteront de fa\u00e7on in\u00e9gal\u00e9e avec la gestion de Google Adwords.<\/p>\n<\/div><div class=\"fusion-clearfix\"><\/div><\/div><\/div><div class=\"fusion-layout-column fusion_builder_column fusion-builder-column-10 fusion_builder_column_1_4 1_4 fusion-one-fourth\" style=\"--awb-padding-top:30px;--awb-padding-right:15px;--awb-padding-bottom:30px;--awb-padding-left:15px;--awb-bg-color:#ffffff;--awb-bg-color-hover:#ffffff;--awb-bg-size:cover;width:25%;width:calc(25% - ( ( 3% + 3% + 3% ) * 0.25 ) );margin-right: 3%;\"><div class=\"fusion-column-wrapper fusion-flex-column-wrapper-legacy\"><div class=\"fusion-title title fusion-title-8 fusion-sep-none fusion-title-center fusion-title-text fusion-title-size-three\" style=\"--awb-margin-top:20px;--awb-margin-bottom:15px;--awb-margin-top-small:10px;--awb-margin-right-small:0px;--awb-margin-bottom-small:10px;--awb-margin-left-small:0px;\"><h3 class=\"fusion-title-heading title-heading-center fusion-responsive-typography-calculated\" style=\"margin:0;--fontSize:37.5;line-height:1.12;\"><strong>Gestion du remarketing<\/strong><\/h3><\/div><div class=\"fusion-text fusion-text-8\"><p style=\"text-align: center;\">Nous vous offrons une solution compl\u00e8te pour vos campagnes de remarketing, y compris le d\u00e9veloppement et la gestion de vos campagnes. Nous nous assurons que vous obteniez des visiteurs cibl\u00e9s afin de ne pas d\u00e9penser votre budget sur un trafic al\u00e9atoire.<\/p>\n<\/div><div class=\"fusion-clearfix\"><\/div><\/div><\/div><div class=\"fusion-layout-column fusion_builder_column fusion-builder-column-11 fusion_builder_column_1_4 1_4 fusion-one-fourth\" style=\"--awb-padding-top:30px;--awb-padding-right:15px;--awb-padding-bottom:30px;--awb-padding-left:15px;--awb-bg-color:#ffffff;--awb-bg-color-hover:#ffffff;--awb-bg-size:cover;width:25%;width:calc(25% - ( ( 3% + 3% + 3% ) * 0.25 ) );margin-right: 3%;\"><div class=\"fusion-column-wrapper fusion-flex-column-wrapper-legacy\"><div class=\"fusion-title title fusion-title-9 fusion-sep-none fusion-title-center fusion-title-text fusion-title-size-three\" style=\"--awb-margin-top:20px;--awb-margin-bottom:15px;--awb-margin-top-small:10px;--awb-margin-right-small:0px;--awb-margin-bottom-small:10px;--awb-margin-left-small:0px;\"><h3 class=\"fusion-title-heading title-heading-center fusion-responsive-typography-calculated\" style=\"margin:0;--fontSize:37.5;line-height:1.12;\"><strong>Gestion des campagnes Google Shopping<\/strong><\/h3><\/div><div class=\"fusion-text fusion-text-9\"><p style=\"text-align: center;\">Les annonces Google Shopping permettent aux annonceurs d\u2019afficher leurs produits et services directement dans les r\u00e9sultats des moteurs de recherche. Les annonces sont diffus\u00e9es principalement dans les annonces payantes d et au-dessus des r\u00e9sultats de recherche organiques. Les experts d\u2019Onixx Media vous aideront \u00e0 g\u00e9rer toutes vos campagnes publicitaires afin d\u2019augmenter le trafic et les conversions.<\/p>\n<\/div><div class=\"fusion-clearfix\"><\/div><\/div><\/div><div class=\"fusion-layout-column fusion_builder_column fusion-builder-column-12 fusion_builder_column_1_4 1_4 fusion-one-fourth fusion-column-last\" style=\"--awb-padding-top:30px;--awb-padding-right:15px;--awb-padding-bottom:30px;--awb-padding-left:15px;--awb-bg-color:#ffffff;--awb-bg-color-hover:#ffffff;--awb-bg-size:cover;width:25%;width:calc(25% - ( ( 3% + 3% + 3% ) * 0.25 ) );\"><div class=\"fusion-column-wrapper fusion-flex-column-wrapper-legacy\"><div class=\"fusion-title title fusion-title-10 fusion-sep-none fusion-title-center fusion-title-text fusion-title-size-three\" style=\"--awb-margin-top:20px;--awb-margin-bottom:15px;--awb-margin-top-small:10px;--awb-margin-right-small:0px;--awb-margin-bottom-small:10px;--awb-margin-left-small:0px;\"><h3 class=\"fusion-title-heading title-heading-center fusion-responsive-typography-calculated\" style=\"margin:0;--fontSize:37.5;line-height:1.12;\"><strong>Audits des campagnes de paiement au clic<\/strong><\/h3><\/div><div class=\"fusion-text fusion-text-10\"><p style=\"text-align: center;\">Notre gestionnaire des campagnes de paiement au clic chez Onixx Media offre des services d\u2019audit aux clients qui cherchent \u00e0 am\u00e9liorer leur campagne Google AdWords d\u00e9j\u00e0 existante. Vous pouvez \u00e9galement consulter nos experts si vous avez besoin de conseils sur la performance de votre campagne. Nous sommes l\u00e0 pour vous aider\u2009!<\/p>\n<\/div><div class=\"fusion-clearfix\"><\/div><\/div><\/div><\/div><\/div><div class=\"fusion-fullwidth fullwidth-box fusion-builder-row-4 nonhundred-percent-fullwidth non-hundred-percent-height-scrolling\" style=\"--awb-border-radius-top-left:0px;--awb-border-radius-top-right:0px;--awb-border-radius-bottom-right:0px;--awb-border-radius-bottom-left:0px;--awb-padding-top:80px;--awb-padding-bottom:65px;--awb-flex-wrap:wrap;\" ><div class=\"fusion-builder-row fusion-row\"><div class=\"fusion-layout-column fusion_builder_column fusion-builder-column-13 fusion_builder_column_1_1 1_1 fusion-one-full fusion-column-first fusion-column-last pay_per_click_last\" style=\"--awb-bg-blend:overlay;--awb-bg-size:cover;\"><div class=\"fusion-column-wrapper fusion-flex-column-wrapper-legacy\"><div class=\"fusion-text fusion-text-11\"><p style=\"text-align: center; font-size: 22px;\">Nos services ne se terminent pas ici. Consultez nos principaux services ci-dessous :<\/p>\n<ul>\n<li>Recherche de mots cl\u00e9s de paiement au clic<\/li>\n<li>Cr\u00e9ation d\u2019annonces texte<\/li>\n<\/ul>\n<ul>\n<li>Optimisation des pages d\u2019accueil<\/li>\n<li>Suivi des appels et des conversions<\/li>\n<\/ul>\n<ul>\n<li>\u00c9laborations de campagnes et t\u00e9l\u00e9versements<\/li>\n<li>Gestion et suivi du budget du paiement au clic<\/li>\n<\/ul>\n<ul>\n<li>Analyse de la performance de la campagne et am\u00e9liorations<\/li>\n<li>D\u00e9veloppement et modifications dans les pages d\u2019accueil<\/li>\n<\/ul>\n<\/div><div class=\"fusion-clearfix\"><\/div><\/div><\/div><\/div><\/div><div class=\"fusion-bg-parallax\" data-bg-align=\"center center\" data-direction=\"down\" data-mute=\"false\" data-opacity=\"100\" data-velocity=\"-0.5\" data-mobile-enabled=\"false\" data-break_parents=\"0\" data-bg-image=\"http:\/\/onixxmedia.com\/wp-content\/uploads\/2017\/01\/contact_bg.jpg\" data-bg-repeat=\"false\" ><\/div><div class=\"fusion-fullwidth fullwidth-box fusion-builder-row-5 fusion-parallax-down nonhundred-percent-fullwidth non-hundred-percent-height-scrolling fusion-equal-height-columns what_we_do_section contact_us_section\" style=\"--awb-border-radius-top-left:0px;--awb-border-radius-top-right:0px;--awb-border-radius-bottom-right:0px;--awb-border-radius-bottom-left:0px;--awb-padding-top:0px;--awb-padding-right:16%;--awb-padding-bottom:50px;--awb-padding-left:16%;--awb-background-image:url(&quot;http:\/\/onixxmedia.com\/wp-content\/uploads\/2017\/01\/contact_bg.jpg&quot;);--awb-background-size:cover;--awb-flex-wrap:wrap;\" ><div class=\"fusion-builder-row fusion-row\"><div class=\"fusion-layout-column fusion_builder_column fusion-builder-column-14 fusion_builder_column_1_1 1_1 fusion-one-full fusion-column-first fusion-column-last fusion-column-no-min-height\" style=\"--awb-padding-top:100px;--awb-padding-bottom:0px;--awb-bg-blend:overlay;--awb-bg-size:cover;\"><div class=\"fusion-column-wrapper fusion-flex-column-wrapper-legacy\"><div class=\"fusion-text fusion-text-12\"><h2 style=\"text-align: center;\"><span style=\"color: #ffffff;\">Int\u00e9ress\u00e9 de travailler avec nous?<\/span><br \/>\n<span style=\"color: #ffffff;\">Ne soyez pas timide, dites bonjour!<\/span><\/h2>\n<\/div><div class=\"fusion-aligncenter\"><a class=\"fusion-button button-flat fusion-button-default-size button-default fusion-button-default button-2 fusion-button-default-span fusion-button-default-type\" target=\"_self\" href=\"https:\/\/www.onixxmedia.com\/fr\/contact\/\"><span class=\"fusion-button-text awb-button__text awb-button__text--default\">Contactez Nous<\/span><\/a><\/div><div class=\"fusion-clearfix\"><\/div><\/div><\/div><\/div><\/div><\/p>\n","protected":false},"excerpt":{"rendered":"","protected":false},"author":1,"featured_media":0,"parent":0,"menu_order":0,"comment_status":"closed","ping_status":"closed","template":"100-width.php","meta":{"_acf_changed":false,"footnotes":""},"class_list":["post-5071","page","type-page","status-publish","hentry"],"acf":[],"_links":{"self":[{"href":"https:\/\/www.onixxmedia.com\/fr\/wp-json\/wp\/v2\/pages\/5071","targetHints":{"allow":["GET"]}}],"collection":[{"href":"https:\/\/www.onixxmedia.com\/fr\/wp-json\/wp\/v2\/pages"}],"about":[{"href":"https:\/\/www.onixxmedia.com\/fr\/wp-json\/wp\/v2\/types\/page"}],"author":[{"embeddable":true,"href":"https:\/\/www.onixxmedia.com\/fr\/wp-json\/wp\/v2\/users\/1"}],"replies":[{"embeddable":true,"href":"https:\/\/www.onixxmedia.com\/fr\/wp-json\/wp\/v2\/comments?post=5071"}],"version-history":[{"count":0,"href":"https:\/\/www.onixxmedia.com\/fr\/wp-json\/wp\/v2\/pages\/5071\/revisions"}],"wp:attachment":[{"href":"https:\/\/www.onixxmedia.com\/fr\/wp-json\/wp\/v2\/media?parent=5071"}],"curies":[{"name":"wp","href":"https:\/\/api.w.org\/{rel}","templated":true}]}}