{"id":4620,"date":"2017-10-06T11:16:23","date_gmt":"2017-10-06T11:16:23","guid":{"rendered":"http:\/\/www.onixxmedia.com\/marketing-par-courriel\/"},"modified":"2022-04-18T02:01:59","modified_gmt":"2022-04-18T02:01:59","slug":"marketing-par-courriel","status":"publish","type":"page","link":"https:\/\/www.onixxmedia.com\/fr\/marketing-par-courriel\/","title":{"rendered":"MARKETING PAR COURRIEL"},"content":{"rendered":"<p><div class=\"fusion-fullwidth fullwidth-box fusion-builder-row-1 fusion-parallax-none nonhundred-percent-fullwidth non-hundred-percent-height-scrolling dark_bg_section\" style=\"--awb-background-position:center top;--awb-border-radius-top-left:0px;--awb-border-radius-top-right:0px;--awb-border-radius-bottom-right:0px;--awb-border-radius-bottom-left:0px;--awb-padding-top:130px;--awb-padding-bottom:130px;--awb-background-image:url(&quot;https:\/\/www.onixxmedia.com\/wp-content\/uploads\/2022\/04\/Email-marketing.png&quot;);--awb-background-size:cover;--awb-flex-wrap:wrap;\" ><div class=\"fusion-builder-row fusion-row\"><div class=\"fusion-layout-column fusion_builder_column fusion-builder-column-0 fusion_builder_column_1_1 1_1 fusion-one-full fusion-column-first fusion-column-last\" style=\"--awb-bg-size:cover;\"><div class=\"fusion-column-wrapper fusion-flex-column-wrapper-legacy\"><div class=\"fusion-text fusion-text-1\"><h1 style=\"text-align: center;\">MARKETING PAR COURRIEL<\/h1>\n<h5 style=\"text-align: center;\">Le marketing par courriel peut \u00eatre un outil de communication puissant. Il vous fournit une opportunit\u00e9<br \/>\nde construire avec vos clients potentiels des interactions solides avec le temps,<br \/>\net d\u2019\u00e9tablir une confiance en tant que sp\u00e9cialiste dans votre domaine.<\/h5>\n<\/div><div class=\"fusion-clearfix\"><\/div><\/div><\/div><\/div><\/div><div class=\"fusion-fullwidth fullwidth-box fusion-builder-row-2 nonhundred-percent-fullwidth non-hundred-percent-height-scrolling seo_page_boxes\" style=\"--awb-border-radius-top-left:0px;--awb-border-radius-top-right:0px;--awb-border-radius-bottom-right:0px;--awb-border-radius-bottom-left:0px;--awb-padding-top:100px;--awb-padding-bottom:80px;--awb-background-color:#f1f0f0;--awb-flex-wrap:wrap;\" ><div class=\"fusion-builder-row fusion-row\"><div class=\"fusion-layout-column fusion_builder_column fusion-builder-column-1 fusion_builder_column_1_1 1_1 fusion-one-full fusion-column-first fusion-column-last\" style=\"--awb-bg-size:cover;\"><div class=\"fusion-column-wrapper fusion-flex-column-wrapper-legacy\"><div class=\"fusion-image-element fusion-image-align-center in-legacy-container\" style=\"text-align:center;--awb-caption-title-font-family:var(--h2_typography-font-family);--awb-caption-title-font-weight:var(--h2_typography-font-weight);--awb-caption-title-font-style:var(--h2_typography-font-style);--awb-caption-title-size:var(--h2_typography-font-size);--awb-caption-title-transform:var(--h2_typography-text-transform);--awb-caption-title-line-height:var(--h2_typography-line-height);--awb-caption-title-letter-spacing:var(--h2_typography-letter-spacing);\"><div class=\"imageframe-align-center\"><span class=\" fusion-imageframe imageframe-none imageframe-1 hover-type-none\"><img decoding=\"async\" width=\"79\" height=\"76\" alt=\"Email marketing\" title=\"email\" src=\"https:\/\/www.onixxmedia.com\/wp-content\/uploads\/2017\/02\/email.png\" class=\"img-responsive wp-image-4029\"\/><\/span><\/div><\/div><div class=\"fusion-title title fusion-title-1 fusion-sep-none fusion-title-center fusion-title-text fusion-title-size-two\" style=\"--awb-margin-top:35px;--awb-margin-bottom:35px;--awb-margin-top-small:10px;--awb-margin-right-small:0px;--awb-margin-bottom-small:10px;--awb-margin-left-small:0px;\"><h2 class=\"fusion-title-heading title-heading-center fusion-responsive-typography-calculated\" style=\"margin:0;--fontSize:40;line-height:1.13;\"><strong>Les avantages du marketing par courriel<\/strong><\/h2><\/div><div class=\"fusion-clearfix\"><\/div><\/div><\/div><div class=\"fusion-layout-column fusion_builder_column fusion-builder-column-2 fusion_builder_column_1_3 1_3 fusion-one-third fusion-column-first\" style=\"--awb-padding-top:30px;--awb-padding-right:30px;--awb-padding-bottom:30px;--awb-padding-left:30px;--awb-bg-color:#ffffff;--awb-bg-color-hover:#ffffff;--awb-bg-size:cover;width:33.333333333333%;width:calc(33.333333333333% - ( ( 3% + 3% ) * 0.33333333333333 ) );margin-right: 3%;\"><div class=\"fusion-column-wrapper fusion-flex-column-wrapper-legacy\"><div class=\"fusion-title title fusion-title-2 fusion-sep-none fusion-title-center fusion-title-text fusion-title-size-three\" style=\"--awb-margin-top:20px;--awb-margin-bottom:15px;--awb-margin-top-small:10px;--awb-margin-right-small:0px;--awb-margin-bottom-small:10px;--awb-margin-left-small:0px;\"><h3 class=\"fusion-title-heading title-heading-center fusion-responsive-typography-calculated\" style=\"margin:0;--fontSize:37.5;line-height:1.12;\"><p><strong>Partager les ressources et obtenir de la r\u00e9troaction<br \/>\n<\/strong><\/p><\/h3><\/div><div class=\"fusion-text fusion-text-2\"><p style=\"text-align: center;\">Vous pouvez envoyer \u00e0 vos clients des ressources utiles qui vous permettront de g\u00e9n\u00e9rer des occasions de vente. Ceci les aidera \u00e0 r\u00e9duire leurs incertitudes d\u2019achat et m\u00e8nera vers une fermeture de la vente. Vous pouvez \u00e9galement obtenir de la r\u00e9troaction et toute autre information n\u00e9cessaire \u00e0 l\u2019am\u00e9lioration de vos produits ou services.<\/p>\n<\/div><div class=\"fusion-clearfix\"><\/div><\/div><\/div><div class=\"fusion-layout-column fusion_builder_column fusion-builder-column-3 fusion_builder_column_1_3 1_3 fusion-one-third\" style=\"--awb-padding-top:30px;--awb-padding-right:30px;--awb-padding-bottom:30px;--awb-padding-left:30px;--awb-bg-color:#ffffff;--awb-bg-color-hover:#ffffff;--awb-bg-size:cover;width:33.333333333333%;width:calc(33.333333333333% - ( ( 3% + 3% ) * 0.33333333333333 ) );margin-right: 3%;\"><div class=\"fusion-column-wrapper fusion-flex-column-wrapper-legacy\"><div class=\"fusion-title title fusion-title-3 fusion-sep-none fusion-title-center fusion-title-text fusion-title-size-three\" style=\"--awb-margin-top:20px;--awb-margin-bottom:15px;--awb-margin-top-small:10px;--awb-margin-right-small:0px;--awb-margin-bottom-small:10px;--awb-margin-left-small:0px;\"><h3 class=\"fusion-title-heading title-heading-center fusion-responsive-typography-calculated\" style=\"margin:0;--fontSize:37.5;line-height:1.12;\"><strong>R\u00e9duisez les co\u00fbts de votre service \u00e0 la client\u00e8le<\/strong><\/h3><\/div><div class=\"fusion-text fusion-text-3\"><p style=\"text-align: center;\">De plus, vous pouvez \u00e9galement r\u00e9duire le temps requis en service \u00e0 la client\u00e8le en automatisant la proc\u00e9dure de marketing par courriel. Cela vous aidera assur\u00e9ment \u00e0 faire cro\u00eetre votre entreprise.<\/p>\n<\/div><div class=\"fusion-clearfix\"><\/div><\/div><\/div><div class=\"fusion-layout-column fusion_builder_column fusion-builder-column-4 fusion_builder_column_1_3 1_3 fusion-one-third fusion-column-last\" style=\"--awb-padding-top:30px;--awb-padding-right:35px;--awb-padding-bottom:30px;--awb-padding-left:35px;--awb-bg-color:#ffffff;--awb-bg-color-hover:#ffffff;--awb-bg-size:cover;width:33.333333333333%;width:calc(33.333333333333% - ( ( 3% + 3% ) * 0.33333333333333 ) );\"><div class=\"fusion-column-wrapper fusion-flex-column-wrapper-legacy\"><div class=\"fusion-title title fusion-title-4 fusion-sep-none fusion-title-center fusion-title-text fusion-title-size-three\" style=\"--awb-margin-top:20px;--awb-margin-bottom:15px;--awb-margin-top-small:10px;--awb-margin-right-small:0px;--awb-margin-bottom-small:10px;--awb-margin-left-small:0px;\"><h3 class=\"fusion-title-heading title-heading-center fusion-responsive-typography-calculated\" style=\"margin:0;--fontSize:37.5;line-height:1.12;\"><strong>Augmentez le volume des ventes<\/strong><\/h3><\/div><div class=\"fusion-text fusion-text-4\"><p style=\"text-align: center;\">L\u2019avantage principal du marketing par courriel est qu\u2019il joue un r\u00f4le primordial vers l\u2019obtention de plus en plus de clients, de plus de r\u00e9f\u00e9rences et de plus de produits pour vos clients existants.<\/p>\n<\/div><div class=\"fusion-clearfix\"><\/div><\/div><\/div><div class=\"fusion-layout-column fusion_builder_column fusion-builder-column-5 fusion_builder_column_1_3 1_3 fusion-one-third fusion-column-first\" style=\"--awb-padding-top:30px;--awb-padding-right:35px;--awb-padding-bottom:30px;--awb-padding-left:35px;--awb-bg-color:#ffffff;--awb-bg-color-hover:#ffffff;--awb-bg-size:cover;width:33.333333333333%;width:calc(33.333333333333% - ( ( 3% + 3% ) * 0.33333333333333 ) );margin-right: 3%;\"><div class=\"fusion-column-wrapper fusion-flex-column-wrapper-legacy\"><div class=\"fusion-title title fusion-title-5 fusion-sep-none fusion-title-center fusion-title-text fusion-title-size-three\" style=\"--awb-margin-top:20px;--awb-margin-bottom:15px;--awb-margin-top-small:10px;--awb-margin-right-small:0px;--awb-margin-bottom-small:10px;--awb-margin-left-small:0px;\"><h3 class=\"fusion-title-heading title-heading-center fusion-responsive-typography-calculated\" style=\"margin:0;--fontSize:37.5;line-height:1.12;\"><strong>Positionnement de la marque<\/strong><\/h3><\/div><div class=\"fusion-text fusion-text-5\"><p style=\"text-align: center;\">Il offre aussi \u00e0 vous et \u00e0 votre entreprise un renforcement de l\u2019image de marque et il vous positionne en tant que sp\u00e9cialiste, ce qui vous aidera \u00e0\u00e9tablir un monopole sur le march\u00e9.<\/p>\n<\/div><div class=\"fusion-clearfix\"><\/div><\/div><\/div><div class=\"fusion-layout-column fusion_builder_column fusion-builder-column-6 fusion_builder_column_1_3 1_3 fusion-one-third\" style=\"--awb-padding-top:30px;--awb-padding-right:35px;--awb-padding-bottom:30px;--awb-padding-left:35px;--awb-bg-color:#ffffff;--awb-bg-color-hover:#ffffff;--awb-bg-size:cover;width:33.333333333333%;width:calc(33.333333333333% - ( ( 3% + 3% ) * 0.33333333333333 ) );margin-right: 3%;\"><div class=\"fusion-column-wrapper fusion-flex-column-wrapper-legacy\"><div class=\"fusion-title title fusion-title-6 fusion-sep-none fusion-title-center fusion-title-text fusion-title-size-three\" style=\"--awb-margin-top:20px;--awb-margin-bottom:15px;--awb-margin-top-small:10px;--awb-margin-right-small:0px;--awb-margin-bottom-small:10px;--awb-margin-left-small:0px;\"><h3 class=\"fusion-title-heading title-heading-center fusion-responsive-typography-calculated\" style=\"margin:0;--fontSize:37.5;line-height:1.12;\"><p><strong>Strat\u00e9gie marketing \u00e0port\u00e9eoptimale<br \/>\n<\/strong><\/p><\/h3><\/div><div class=\"fusion-text fusion-text-6\"><p style=\"text-align: center;\">Si vous avec un plan ad\u00e9quat de marketing par courriel, il sera extraordinairement cibl\u00e9 et vous pourrez obtenir les r\u00e9sultats attendus. Un travail important se retrouve dans un plan de courriel fructueux et l\u2019\u00e9l\u00e9ment central est votre liste de distribution. Alors, commen\u00e7ons \u00e0 travailler sur la liste courriel de vos clients d\u00e8s maintenant\u2009!<\/p>\n<\/div><div class=\"fusion-clearfix\"><\/div><\/div><\/div><div class=\"fusion-layout-column fusion_builder_column fusion-builder-column-7 fusion_builder_column_1_3 1_3 fusion-one-third fusion-column-last without_bg_box\" style=\"--awb-padding-top:30px;--awb-padding-right:35px;--awb-padding-bottom:30px;--awb-padding-left:35px;--awb-bg-color:#ffffff;--awb-bg-color-hover:#ffffff;--awb-bg-size:cover;width:33.333333333333%;width:calc(33.333333333333% - ( ( 3% + 3% ) * 0.33333333333333 ) );\"><div class=\"fusion-column-wrapper fusion-flex-column-wrapper-legacy\"><div class=\"fusion-clearfix\"><\/div><\/div><\/div><div class=\"fusion-layout-column fusion_builder_column fusion-builder-column-8 fusion_builder_column_1_1 1_1 fusion-one-full fusion-column-first fusion-column-last\" style=\"--awb-padding-bottom:30px;--awb-bg-size:cover;\"><div class=\"fusion-column-wrapper fusion-flex-column-wrapper-legacy\"><div class=\"fusion-aligncenter\"><a class=\"fusion-button button-flat fusion-button-default-size button-default fusion-button-default button-1 fusion-button-default-span fusion-button-default-type\" target=\"_self\" href=\"https:\/\/www.onixxmedia.com\/quote-request\/\"><span class=\"fusion-button-text awb-button__text awb-button__text--default\">D\u00e9marrer un projet<\/span><\/a><\/div><div class=\"fusion-clearfix\"><\/div><\/div><\/div><\/div><\/div><div class=\"fusion-fullwidth fullwidth-box fusion-builder-row-3 nonhundred-percent-fullwidth non-hundred-percent-height-scrolling\" style=\"--awb-border-radius-top-left:0px;--awb-border-radius-top-right:0px;--awb-border-radius-bottom-right:0px;--awb-border-radius-bottom-left:0px;--awb-padding-top:100px;--awb-padding-bottom:80px;--awb-flex-wrap:wrap;\" ><div class=\"fusion-builder-row fusion-row\"><div class=\"fusion-layout-column fusion_builder_column fusion-builder-column-9 fusion_builder_column_1_2 1_2 fusion-one-half fusion-column-first branding_image_section\" style=\"--awb-bg-size:cover;width:50%;width:calc(50% - ( ( 4% ) * 0.5 ) );margin-right: 4%;\"><div class=\"fusion-column-wrapper fusion-flex-column-wrapper-legacy\"><div class=\"fusion-text fusion-text-7\"><p style=\"text-align: left; text-transform: uppercase; margin-bottom: 20px;\"><strong>UN \u00c9L\u00c9MENT ESSENTIEL<\/strong><\/p>\n<h2 style=\"text-align: left; text-transform: uppercase;\">POUR VOTRE ENTREPRISE<\/h2>\n<p>Avec une campagne de marketing vous pouvez facilement am\u00e9liorer votre marque, construire la fid\u00e9lit\u00e9 de vos clients, g\u00e9n\u00e9rer des occasions de vente, obtenir de nouveaux clients ou convertir ces clients potentiels en ventes. C\u2019est pour cette raison que la majorit\u00e9 des entrepreneurs consid\u00e8rent le marketing par courriel comme un \u00e9l\u00e9ment essentiel a la croissance de leur entreprise. Vous pouvez utiliser une de ces m\u00e9thodes pour promouvoir la v\u00f4tre.<\/p>\n<ul>\n<li>Infolettremensuelle<\/li>\n<li>Sondages<\/li>\n<\/ul>\n<ul>\n<li>Services aux clients en continu<\/li>\n<li>Promotions et prix sp\u00e9ciaux<\/li>\n<\/ul>\n<ul>\n<li>Publipostages pour clients potentiels<\/li>\n<\/ul>\n<\/div><div class=\"fusion-clearfix\"><\/div><\/div><\/div><div class=\"fusion-layout-column fusion_builder_column fusion-builder-column-10 fusion_builder_column_1_2 1_2 fusion-one-half fusion-column-last\" style=\"--awb-bg-size:cover;width:50%;width:calc(50% - ( ( 4% ) * 0.5 ) );\"><div class=\"fusion-column-wrapper fusion-flex-column-wrapper-legacy\"><div class=\"fusion-image-element fusion-image-align-center in-legacy-container\" style=\"text-align:center;--awb-caption-title-font-family:var(--h2_typography-font-family);--awb-caption-title-font-weight:var(--h2_typography-font-weight);--awb-caption-title-font-style:var(--h2_typography-font-style);--awb-caption-title-size:var(--h2_typography-font-size);--awb-caption-title-transform:var(--h2_typography-text-transform);--awb-caption-title-line-height:var(--h2_typography-line-height);--awb-caption-title-letter-spacing:var(--h2_typography-letter-spacing);\"><div class=\"imageframe-align-center\"><span class=\" fusion-imageframe imageframe-none imageframe-2 hover-type-none\"><img decoding=\"async\" width=\"546\" height=\"361\" alt=\"Email marketing\" title=\"img\" src=\"https:\/\/www.onixxmedia.com\/wp-content\/uploads\/2017\/02\/img-1.jpg\" class=\"img-responsive wp-image-4030\" srcset=\"https:\/\/www.onixxmedia.com\/wp-content\/uploads\/2017\/02\/img-1-200x132.jpg 200w, https:\/\/www.onixxmedia.com\/wp-content\/uploads\/2017\/02\/img-1-400x264.jpg 400w, https:\/\/www.onixxmedia.com\/wp-content\/uploads\/2017\/02\/img-1.jpg 546w\" sizes=\"(max-width: 800px) 100vw, 546px\" \/><\/span><\/div><\/div><div class=\"fusion-clearfix\"><\/div><\/div><\/div><\/div><\/div><div class=\"fusion-fullwidth fullwidth-box fusion-builder-row-4 nonhundred-percent-fullwidth non-hundred-percent-height-scrolling\" style=\"--awb-border-radius-top-left:0px;--awb-border-radius-top-right:0px;--awb-border-radius-bottom-right:0px;--awb-border-radius-bottom-left:0px;--awb-padding-top:50px;--awb-padding-bottom:50px;--awb-background-color:#f1f0f0;--awb-flex-wrap:wrap;\" ><div class=\"fusion-builder-row fusion-row\"><div class=\"fusion-layout-column fusion_builder_column fusion-builder-column-11 fusion_builder_column_1_1 1_1 fusion-one-full fusion-column-first fusion-column-last\" style=\"--awb-bg-size:cover;\"><div class=\"fusion-column-wrapper fusion-flex-column-wrapper-legacy\"><div class=\"fusion-title title fusion-title-7 fusion-sep-none fusion-title-center fusion-title-text fusion-title-size-two\" style=\"--awb-margin-top-small:10px;--awb-margin-right-small:0px;--awb-margin-bottom-small:10px;--awb-margin-left-small:0px;\"><h2 class=\"fusion-title-heading title-heading-center fusion-responsive-typography-calculated\" style=\"margin:0;--fontSize:40;line-height:1.13;\"><strong>Cr\u00e9ation d\u2019une liste de diffusion<\/strong><\/h2><\/div><div class=\"fusion-text fusion-text-8\"><p style=\"text-align: center;\">Afin de construire une campagne de marketing par courriel r\u00e9ussie, vous aurez besoin de recours l\u00e9gaux et d\u2019une liste de clients exacte. Vous avez peut-\u00eatre les adresses courriel de quelques clients mais vous ne savez pas comment \u00e9tablir une strat\u00e9gie. Onixx M\u00e9dia vous assistera a\u00e9tablir cette strat\u00e9gie et \u00e0 promouvoir votre entreprise \u00e0 travers des campagnes de marketing par courriel.<\/p>\n<\/div><div class=\"fusion-title title fusion-title-8 fusion-sep-none fusion-title-center fusion-title-text fusion-title-size-two\" style=\"--awb-margin-top-small:10px;--awb-margin-right-small:0px;--awb-margin-bottom-small:10px;--awb-margin-left-small:0px;\"><h2 class=\"fusion-title-heading title-heading-center fusion-responsive-typography-calculated\" style=\"margin:0;--fontSize:40;line-height:1.13;\"><strong>Optimisation des pages d\u2019accueil<\/strong><\/h2><\/div><div class=\"fusion-text fusion-text-9\"><p style=\"text-align: center;\">Les experts d\u2019Onixx M\u00e9dia vous aideront \u00e0 d\u00e9velopper les meilleurs mod\u00e8les qui vous permettront d\u2019attirer de plus en plus de clients vers votre page d\u2019accueil. Nous optimisons \u00e9galement la page d\u2019accueil de fa\u00e7on \u00e0 ce que chacun de vos clients potentiels vous appelle ou demande un devis\u2009! Afin que votre compagne de marketing par courriel vous permette d\u2019obtenir les r\u00e9sultats d\u00e9sir\u00e9s\u2009!<\/p>\n<\/div><div class=\"fusion-clearfix\"><\/div><\/div><\/div><\/div><\/div><div class=\"fusion-bg-parallax\" data-bg-align=\"center center\" data-direction=\"down\" data-mute=\"false\" data-opacity=\"100\" data-velocity=\"-0.5\" data-mobile-enabled=\"false\" data-break_parents=\"0\" data-bg-image=\"http:\/\/onixxmedia.com\/wp-content\/uploads\/2017\/01\/contact_bg.jpg\" data-bg-repeat=\"false\" ><\/div><div class=\"fusion-fullwidth fullwidth-box fusion-builder-row-5 fusion-parallax-down nonhundred-percent-fullwidth non-hundred-percent-height-scrolling fusion-equal-height-columns what_we_do_section contact_us_section\" style=\"--awb-border-radius-top-left:0px;--awb-border-radius-top-right:0px;--awb-border-radius-bottom-right:0px;--awb-border-radius-bottom-left:0px;--awb-padding-top:0px;--awb-padding-right:16%;--awb-padding-bottom:50px;--awb-padding-left:16%;--awb-background-image:url(&quot;http:\/\/onixxmedia.com\/wp-content\/uploads\/2017\/01\/contact_bg.jpg&quot;);--awb-background-size:cover;--awb-flex-wrap:wrap;\" ><div class=\"fusion-builder-row fusion-row\"><div class=\"fusion-layout-column fusion_builder_column fusion-builder-column-12 fusion_builder_column_1_1 1_1 fusion-one-full fusion-column-first fusion-column-last fusion-column-no-min-height\" style=\"--awb-padding-top:100px;--awb-padding-bottom:0px;--awb-bg-size:cover;\"><div class=\"fusion-column-wrapper fusion-flex-column-wrapper-legacy\"><div class=\"fusion-text fusion-text-10\"><h2 style=\"text-align: center;\"><span style=\"color: #ffffff;\">Int\u00e9ress\u00e9(e) \u00e0 travailler avec nous\u2009?<\/span><br \/>\n<span style=\"color: #ffffff;\">Pas de g\u00eane, dites bonjour\u2009!<\/span><\/h2>\n<\/div><div class=\"fusion-aligncenter\"><a class=\"fusion-button button-flat fusion-button-default-size button-default fusion-button-default button-2 fusion-button-default-span fusion-button-default-type\" target=\"_self\" href=\"https:\/\/www.onixxmedia.com\/contact\/\"><span class=\"fusion-button-text awb-button__text awb-button__text--default\">Contactez-nous<\/span><\/a><\/div><div class=\"fusion-clearfix\"><\/div><\/div><\/div><\/div><\/div><\/p>\n","protected":false},"excerpt":{"rendered":"","protected":false},"author":1,"featured_media":0,"parent":0,"menu_order":0,"comment_status":"closed","ping_status":"closed","template":"100-width.php","meta":{"_acf_changed":false,"footnotes":""},"class_list":["post-4620","page","type-page","status-publish","hentry"],"acf":[],"_links":{"self":[{"href":"https:\/\/www.onixxmedia.com\/fr\/wp-json\/wp\/v2\/pages\/4620","targetHints":{"allow":["GET"]}}],"collection":[{"href":"https:\/\/www.onixxmedia.com\/fr\/wp-json\/wp\/v2\/pages"}],"about":[{"href":"https:\/\/www.onixxmedia.com\/fr\/wp-json\/wp\/v2\/types\/page"}],"author":[{"embeddable":true,"href":"https:\/\/www.onixxmedia.com\/fr\/wp-json\/wp\/v2\/users\/1"}],"replies":[{"embeddable":true,"href":"https:\/\/www.onixxmedia.com\/fr\/wp-json\/wp\/v2\/comments?post=4620"}],"version-history":[{"count":0,"href":"https:\/\/www.onixxmedia.com\/fr\/wp-json\/wp\/v2\/pages\/4620\/revisions"}],"wp:attachment":[{"href":"https:\/\/www.onixxmedia.com\/fr\/wp-json\/wp\/v2\/media?parent=4620"}],"curies":[{"name":"wp","href":"https:\/\/api.w.org\/{rel}","templated":true}]}}