{"id":16579,"date":"2024-11-30T10:49:12","date_gmt":"2024-11-30T10:49:12","guid":{"rendered":"https:\/\/www.onixxmedia.com\/black-friday-payment\/"},"modified":"2024-12-13T19:02:24","modified_gmt":"2024-12-13T19:02:24","slug":"offres-speciales-paiement","status":"publish","type":"page","link":"https:\/\/www.onixxmedia.com\/fr\/offres-speciales-paiement\/","title":{"rendered":"Offres Sp\u00e9ciales  Paiement"},"content":{"rendered":"<p><div id=\"payment\" class=\"fusion-container-anchor\"><div class=\"fusion-fullwidth fullwidth-box fusion-builder-row-1 fusion-flex-container nonhundred-percent-fullwidth non-hundred-percent-height-scrolling\" style=\"--awb-border-radius-top-left:0px;--awb-border-radius-top-right:0px;--awb-border-radius-bottom-right:0px;--awb-border-radius-bottom-left:0px;--awb-padding-top:72px;--awb-padding-right:50px;--awb-padding-bottom:72px;--awb-padding-left:50px;--awb-padding-top-small:2em;--awb-padding-right-small:20px;--awb-padding-bottom-small:3em;--awb-padding-left-small:20px;--awb-background-size:cover;--awb-flex-wrap:wrap;\" ><div class=\"fusion-builder-row fusion-row fusion-flex-align-items-center fusion-flex-justify-content-center fusion-flex-content-wrap\" style=\"max-width:1362.4px;margin-left: calc(-4% \/ 2 );margin-right: calc(-4% \/ 2 );\"><div class=\"fusion-layout-column fusion_builder_column fusion-builder-column-0 fusion_builder_column_1_2 1_2 fusion-flex-column fusion-no-small-visibility\" style=\"--awb-bg-size:cover;--awb-width-large:50%;--awb-margin-top-large:0px;--awb-spacing-right-large:3.84%;--awb-margin-bottom-large:20px;--awb-spacing-left-large:3.84%;--awb-width-medium:100%;--awb-order-medium:0;--awb-spacing-right-medium:1.92%;--awb-spacing-left-medium:1.92%;--awb-width-small:100%;--awb-order-small:0;--awb-spacing-right-small:1.92%;--awb-spacing-left-small:1.92%;\"><div class=\"fusion-column-wrapper fusion-column-has-shadow fusion-flex-justify-content-flex-start fusion-content-layout-column\"><div class=\"fusion-image-element \" style=\"--awb-caption-title-font-family:var(--h2_typography-font-family);--awb-caption-title-font-weight:var(--h2_typography-font-weight);--awb-caption-title-font-style:var(--h2_typography-font-style);--awb-caption-title-size:var(--h2_typography-font-size);--awb-caption-title-transform:var(--h2_typography-text-transform);--awb-caption-title-line-height:var(--h2_typography-line-height);--awb-caption-title-letter-spacing:var(--h2_typography-letter-spacing);\"><span class=\" fusion-imageframe imageframe-none imageframe-1 hover-type-none\"><img decoding=\"async\" width=\"1034\" height=\"1136\" title=\"image (3)\" src=\"https:\/\/www.onixxmedia.com\/wp-content\/uploads\/2024\/12\/image-3-1.png\" alt class=\"img-responsive wp-image-16753\" srcset=\"https:\/\/www.onixxmedia.com\/wp-content\/uploads\/2024\/12\/image-3-1-200x220.png 200w, https:\/\/www.onixxmedia.com\/wp-content\/uploads\/2024\/12\/image-3-1-400x439.png 400w, https:\/\/www.onixxmedia.com\/wp-content\/uploads\/2024\/12\/image-3-1-600x659.png 600w, https:\/\/www.onixxmedia.com\/wp-content\/uploads\/2024\/12\/image-3-1-800x879.png 800w, https:\/\/www.onixxmedia.com\/wp-content\/uploads\/2024\/12\/image-3-1.png 1034w\" sizes=\"(max-width: 1024px) 100vw, (max-width: 640px) 100vw, 800px\" \/><\/span><\/div><\/div><\/div><div class=\"fusion-layout-column fusion_builder_column fusion-builder-column-1 fusion_builder_column_1_2 1_2 fusion-flex-column\" style=\"--awb-bg-size:cover;--awb-width-large:50%;--awb-margin-top-large:0px;--awb-spacing-right-large:3.84%;--awb-margin-bottom-large:20px;--awb-spacing-left-large:3.84%;--awb-width-medium:100%;--awb-order-medium:0;--awb-spacing-right-medium:1.92%;--awb-spacing-left-medium:1.92%;--awb-width-small:100%;--awb-order-small:0;--awb-spacing-right-small:1.92%;--awb-spacing-left-small:1.92%;\"><div class=\"fusion-column-wrapper fusion-column-has-shadow fusion-flex-justify-content-flex-start fusion-content-layout-column\"><div class=\"fusion-title title fusion-title-1 fusion-sep-none fusion-title-text fusion-title-size-two fusion-animated\" style=\"--awb-text-color:var(--awb-color1);--awb-margin-bottom:12px;--awb-margin-top-small:10px;--awb-margin-right-small:0px;--awb-margin-bottom-small:10px;--awb-margin-left-small:0px;--awb-font-size:var(--awb-custom_typography_10-font-size);\" data-animationType=\"fadeInUp\" data-animationDuration=\"2.0\" data-animationOffset=\"top-into-view\"><h2 class=\"fusion-title-heading title-heading-left fusion-responsive-typography-calculated\" style=\"font-family:var(--awb-custom_typography_10-font-family);font-weight:var(--awb-custom_typography_10-font-weight);font-style:var(--awb-custom_typography_10-font-style);margin:0;letter-spacing:var(--awb-custom_typography_10-letter-spacing);text-transform:var(--awb-custom_typography_10-text-transform);font-size:1em;--fontSize:36;line-height:1.28;\">Investissez dans Votre\u00a0 <span class=\"gradient-text\">Succ\u00e8s d\u00e8s Aujourd\u2019hui<\/span><\/h2><\/div><div class=\"fusion-text fusion-text-1\"><p>Compl\u00e9tez votre paiement pour acc\u00e9der \u00e0 nos services premium et d\u00e9bloquer des solutions digitales exclusives d\u00e8s maintenant.<\/p>\n<\/div><div class=\"frm_forms  with_frm_style frm_style_black-friday-payment frm_full_submit\" id=\"frm_form_26_container\" data-token=\"26dbbf127f00ca6ee9b45dc57ef43b31\">\n<form enctype=\"multipart\/form-data\" method=\"post\" class=\"frm-show-form  frm_js_validate  frm_ajax_submit  frm_pro_form \" id=\"form_special-offers-payment\" data-token=\"26dbbf127f00ca6ee9b45dc57ef43b31\">\n<div class=\"frm_form_fields \">\n<fieldset>\n<legend class=\"frm_screen_reader\">Paiement Black Friday<\/legend>\r\n\r\n<div class=\"frm_fields_container\">\n<input type=\"hidden\" name=\"frm_action\" value=\"create\" \/>\n<input type=\"hidden\" name=\"form_id\" value=\"26\" \/>\n<input type=\"hidden\" name=\"frm_hide_fields_26\" id=\"frm_hide_fields_26\" value=\"\" \/>\n<input type=\"hidden\" name=\"form_key\" value=\"special-offers-payment\" \/>\n<input type=\"hidden\" name=\"item_meta[0]\" value=\"\" \/>\n<input type=\"hidden\" id=\"frm_submit_entry_26\" name=\"frm_submit_entry_26\" value=\"6c0cc8b85e\" \/><input type=\"hidden\" name=\"_wp_http_referer\" value=\"\/fr\/wp-json\/wp\/v2\/pages\/16579\" \/><div id=\"frm_field_383_container\" class=\"frm_form_field form-field  frm_required_field frm_none_container frm6 frm_first\">\r\n\t<label for=\"field_juw6v\" id=\"field_juw6v_label\" class=\"frm_primary_label\">Pr\u00e9nom\r\n\t\t<span class=\"frm_required\" aria-hidden=\"true\">*<\/span>\r\n\t<\/label>\r\n\t<input  type=\"text\" id=\"field_juw6v\" name=\"item_meta[383]\" value=\"\"  placeholder=\"Pr\u00e9nom\" data-reqmsg=\"Pr\u00e9nom ne peut pas \u00eatre vide.\" aria-required=\"true\" data-invmsg=\"Pr\u00e9nom est invalide\" aria-invalid=\"false\"   \/>\r\n\t\r\n\t\r\n<\/div>\n<div id=\"frm_field_384_container\" class=\"frm_form_field form-field  frm_required_field frm_none_container frm6\">\r\n\t<label for=\"field_be5m9\" id=\"field_be5m9_label\" class=\"frm_primary_label\">Nom de famille\r\n\t\t<span class=\"frm_required\" aria-hidden=\"true\">*<\/span>\r\n\t<\/label>\r\n\t<input  type=\"text\" id=\"field_be5m9\" name=\"item_meta[384]\" value=\"\"  placeholder=\"Nom de famille\" data-reqmsg=\"Nom de famille ne peut pas \u00eatre vide.\" aria-required=\"true\" data-invmsg=\"Nom de famille est invalide\" aria-invalid=\"false\"   \/>\r\n\t\r\n\t\r\n<\/div>\n<div id=\"frm_field_385_container\" class=\"frm_form_field form-field  frm_required_field frm_none_container frm6 frm_first\">\r\n\t<label for=\"field_wkrot\" id=\"field_wkrot_label\" class=\"frm_primary_label\">Email\r\n\t\t<span class=\"frm_required\" aria-hidden=\"true\">*<\/span>\r\n\t<\/label>\r\n\t<input type=\"email\" id=\"field_wkrot\" name=\"item_meta[385]\" value=\"\"  autocomplete=\"email\"  placeholder=\"Email\" data-reqmsg=\"Email ne peut pas \u00eatre vide.\" aria-required=\"true\" data-invmsg=\"Email est invalide\" aria-invalid=\"false\"  \/>\r\n\t\r\n\t\r\n<\/div>\n<div id=\"frm_field_386_container\" class=\"frm_form_field form-field  frm_required_field frm_none_container frm6\">\r\n\t<label for=\"field_himqn\" id=\"field_himqn_label\" class=\"frm_primary_label\">Num\u00e9ro de portable\r\n\t\t<span class=\"frm_required\" aria-hidden=\"true\">*<\/span>\r\n\t<\/label>\r\n\t<input type=\"tel\" id=\"field_himqn\" name=\"item_meta[386]\" value=\"\"  placeholder=\"Num\u00e9ro de portable\" data-reqmsg=\"Num\u00e9ro de portable ne peut pas \u00eatre vide.\" aria-required=\"true\" data-invmsg=\"Num\u00e9ro de portable est invalide\" class=\"frm-intl-tel-input\" aria-invalid=\"false\" pattern=\"\\+?\\d{1,4}[\\s\\-]?(?:\\(\\d{1,3}\\)[\\s\\-]?)?\\d{1,4}[\\s\\-]?\\d{1,4}[\\s\\-]?\\d{1,4}$\"  \/>\r\n\t\r\n\t\r\n<\/div>\n<div id=\"frm_field_387_container\" class=\"frm_form_field form-field  frm_none_container vertical_radio\">\r\n\t<div  id=\"field_ee6es_label\" class=\"frm_primary_label\">Produit\r\n\t\t<span class=\"frm_required\" aria-hidden=\"true\"><\/span>\r\n\t<\/div>\r\n\t<div class=\"frm_opt_container\" aria-labelledby=\"field_ee6es_label\" role=\"radiogroup\">\t<div class=\"frm_radio\" id=\"frm_radio_387-0\"><label for=\"field_ee6es-0\">\t<input type=\"radio\" name=\"item_meta[387]\" id=\"field_ee6es-0\" value=\"BASIC: IGNITE 1999$\" data-frmprice=\"1999\"  data-frmval=\"PRO: ELEVATE 2399$\" data-invmsg=\"Produit est non valide\" aria-invalid=\"false\"   \/> BASIC: IGNITE 1999$<\/label><\/div>\n\t<div class=\"frm_radio\" id=\"frm_radio_387-1\"><label for=\"field_ee6es-1\">\t<input type=\"radio\" name=\"item_meta[387]\" id=\"field_ee6es-1\" value=\"PRO: ELEVATE 2399$\" checked=\"checked\" data-frmprice=\"2399\"  data-frmval=\"PRO: ELEVATE 2399$\" data-invmsg=\"Produit est non valide\" aria-invalid=\"false\"   \/> PRO: ELEVATE 2399$<\/label><\/div>\n\t<div class=\"frm_radio\" id=\"frm_radio_387-2\"><label for=\"field_ee6es-2\">\t<input type=\"radio\" name=\"item_meta[387]\" id=\"field_ee6es-2\" value=\"PREMIUM: DOMINATE 2799$\" data-frmprice=\"2799\"  data-frmval=\"PRO: ELEVATE 2399$\" data-invmsg=\"Produit est non valide\" aria-invalid=\"false\"   \/> PREMIUM: DOMINATE 2799$<\/label><\/div>\n<\/div>\r\n\t\r\n\t\r\n<\/div>\n<div id=\"frm_field_388_container\" class=\"frm_form_field form-field  frm_none_container\">\r\n\t<div  id=\"field_5rs04_label\" class=\"frm_primary_label\">Paiement\r\n\t\t<span class=\"frm_required\" aria-hidden=\"true\"><\/span>\r\n\t<\/div>\r\n\t<div class=\"frm-card-element\" id=\"field_5rs04\"><\/div>\n\n<div class=\"frm-card-errors frm_error\" id=\"frm_error_field_5rs04\" role=\"alert\"><\/div>\n\r\n\t\r\n\t\r\n<\/div>\n<div id=\"frm_field_389_container\" class=\"frm_form_field form-field  frm_required_field frm_none_container\">\r\n\t<label for=\"field_4a1xt\" id=\"field_4a1xt_label\" class=\"frm_primary_label\">Code Postal\r\n\t\t<span class=\"frm_required\" aria-hidden=\"true\">*<\/span>\r\n\t<\/label>\r\n\t<input  type=\"text\" id=\"field_4a1xt\" name=\"item_meta[389]\" value=\"\"  placeholder=\"Code Postal\" data-reqmsg=\"Code Postal ne peut pas \u00eatre vide.\" aria-required=\"true\" data-invmsg=\"Code Postal est invalide\" aria-invalid=\"false\"   \/>\r\n\t\r\n\t\r\n<\/div>\n<div id=\"frm_field_390_container\" class=\"frm_form_field form-field  frm_inline_container frm_third\">\r\n\t<label for=\"field_3msr7\" id=\"field_3msr7_label\" class=\"frm_primary_label\">Total\r\n\t\t<span class=\"frm_required\" aria-hidden=\"true\"><\/span>\r\n\t<\/label>\r\n\t<input type=\"number\" id=\"field_3msr7\" name=\"item_meta[390]\" value=\"\" readonly=\"readonly\"  data-invmsg=\"Total est invalide\" aria-invalid=\"false\"   min=\"0\" max=\"9999999\" step=\"any\" \/>\r\n\t\r\n\t\r\n<\/div>\n\t\t<input  type=\"hidden\" name=\"item_meta[391]\" id=\"field_l51uy\" value=\"stripe\"  data-frmval=\"stripe\"    \/>\n\t\t\t\t<input  type=\"hidden\" name=\"item_meta[444]\" id=\"field_tkqt8\" value=\"fr \"  data-frmval=\"fr \"   \/>\n\t\t<div id=\"frm_field_382_container\" class=\"frm_form_field form-field \">\r\n\t<div class=\"frm_submit frm_flex\">\r\n<button class=\"frm_button_submit frm_final_submit\" type=\"submit\"   formnovalidate=\"formnovalidate\">Confirmer le Paiement<\/button>\r\n\r\n\r\n\r\n<\/div>\r\n<\/div>\n\t<input type=\"hidden\" name=\"item_key\" value=\"\" \/>\n\t\t\t<div id=\"frm_field_526_container\">\n\t\t\t<label for=\"field_7dev2\" >\n\t\t\t\tSi vous \u00eates un humain, ne remplissez pas ce champ.\t\t\t<\/label>\n\t\t\t<input  id=\"field_7dev2\" type=\"text\" class=\"frm_form_field form-field frm_verify\" name=\"item_meta[526]\" value=\"\"  \/>\n\t\t<\/div>\n\t\t<input name=\"frm_state\" type=\"hidden\" value=\"RF+ynOhJQG\/lH4hLcLJUT1nfmuTNp2ezHJB2EMhGX3Hs3DE1d9HKB5SClrrgnVLm\" \/><\/div>\n<\/fieldset>\n<\/div>\n\n<\/form>\n<\/div>\n<\/div><\/div><\/div><\/div><\/div><div class=\"fusion-fullwidth fullwidth-box fusion-builder-row-2 fusion-flex-container nonhundred-percent-fullwidth non-hundred-percent-height-scrolling\" style=\"--awb-border-radius-top-left:0px;--awb-border-radius-top-right:0px;--awb-border-radius-bottom-right:0px;--awb-border-radius-bottom-left:0px;--awb-padding-top:72px;--awb-padding-right:50px;--awb-padding-bottom:72px;--awb-padding-left:50px;--awb-padding-top-small:2em;--awb-padding-right-small:20px;--awb-padding-bottom-small:3em;--awb-padding-left-small:20px;--awb-background-size:cover;--awb-flex-wrap:wrap;\" ><div class=\"fusion-builder-row fusion-row fusion-flex-align-items-center fusion-flex-justify-content-center fusion-flex-content-wrap\" style=\"max-width:1362.4px;margin-left: calc(-4% \/ 2 );margin-right: calc(-4% \/ 2 );\"><div class=\"fusion-layout-column fusion_builder_column fusion-builder-column-2 fusion_builder_column_1_2 1_2 fusion-flex-column\" style=\"--awb-bg-size:cover;--awb-width-large:50%;--awb-margin-top-large:0px;--awb-spacing-right-large:3.84%;--awb-margin-bottom-large:20px;--awb-spacing-left-large:3.84%;--awb-width-medium:100%;--awb-order-medium:0;--awb-spacing-right-medium:1.92%;--awb-spacing-left-medium:1.92%;--awb-width-small:100%;--awb-order-small:2;--awb-spacing-right-small:1.92%;--awb-spacing-left-small:1.92%;\"><div class=\"fusion-column-wrapper fusion-column-has-shadow fusion-flex-justify-content-flex-start fusion-content-layout-column\"><div class=\"fusion-title title fusion-title-2 fusion-sep-none fusion-title-text fusion-title-size-two fusion-animated\" style=\"--awb-text-color:var(--awb-color1);--awb-margin-bottom:12px;--awb-margin-top-small:10px;--awb-margin-right-small:0px;--awb-margin-bottom-small:10px;--awb-margin-left-small:0px;--awb-font-size:var(--awb-custom_typography_10-font-size);\" data-animationType=\"fadeInUp\" data-animationDuration=\"2.0\" data-animationOffset=\"top-into-view\"><h2 class=\"fusion-title-heading title-heading-left fusion-responsive-typography-calculated\" style=\"font-family:var(--awb-custom_typography_10-font-family);font-weight:var(--awb-custom_typography_10-font-weight);font-style:var(--awb-custom_typography_10-font-style);margin:0;letter-spacing:var(--awb-custom_typography_10-letter-spacing);text-transform:var(--awb-custom_typography_10-text-transform);font-size:1em;--fontSize:36;line-height:1.28;\">Bienvenue au D\u00e9but de la Transformation de Votre Entreprise !<\/h2><\/div><div class=\"fusion-text fusion-text-2\"><p>F\u00e9licitations pour avoir franchi la premi\u00e8re \u00e9tape vers la croissance de votre activit\u00e9 ! Avec Onixx Media, vous \u00eates entre de bonnes mains : notre \u00e9quipe d&rsquo;experts est d\u00e9di\u00e9e \u00e0 vous aider \u00e0 obtenir des r\u00e9sultats exceptionnels.<\/p>\n<p>Vous ne savez pas quel plan choisir ? Pas de souci ! Planifiez votre consultation GRATUITE d\u00e8s aujourd&rsquo;hui et \u00e9laborons ensemble une strat\u00e9gie personnalis\u00e9e pour atteindre vos objectifs.<\/p>\n<p>Rappelez-vous, votre succ\u00e8s est notre mission, et nous sommes l\u00e0 pour vous accompagner \u00e0 chaque \u00e9tape du processus.<\/p>\n<\/div><div style=\"text-align:left;\"><a class=\"fusion-button button-flat fusion-button-default-size button-default fusion-button-default button-1 fusion-button-default-span fusion-animated btn-style3 btn-width\" style=\"--button-border-radius-top-left:150px;--button-border-radius-top-right:150px;--button-border-radius-bottom-right:150px;--button-border-radius-bottom-left:150px;--button_padding-top:12px;--button_padding-right:12px;--button_padding-bottom:12px;--button_padding-left:24px;\" data-animationType=\"fadeInUp\" data-animationDuration=\"2.0\" data-animationDelay=\"0.2\" data-animationOffset=\"top-into-view\" target=\"_self\" href=\"\/fr\/consultation-gratuite\/\"><span class=\"fusion-button-text awb-button__text awb-button__text--default\">Obtenez Votre Consultation Gratuite <\/span><i class=\"icon-arrow-up-right2 awb-button__icon awb-button__icon--default button-icon-right\" aria-hidden=\"true\"><\/i><\/a><\/div><\/div><\/div><div class=\"fusion-layout-column fusion_builder_column fusion-builder-column-3 fusion_builder_column_1_2 1_2 fusion-flex-column\" style=\"--awb-bg-size:cover;--awb-width-large:50%;--awb-margin-top-large:0px;--awb-spacing-right-large:3.84%;--awb-margin-bottom-large:20px;--awb-spacing-left-large:3.84%;--awb-width-medium:100%;--awb-order-medium:0;--awb-spacing-right-medium:1.92%;--awb-spacing-left-medium:1.92%;--awb-width-small:100%;--awb-order-small:0;--awb-spacing-right-small:1.92%;--awb-spacing-left-small:1.92%;\"><div class=\"fusion-column-wrapper fusion-column-has-shadow fusion-flex-justify-content-flex-start fusion-content-layout-column\"><div class=\"fusion-image-element \" style=\"--awb-caption-title-font-family:var(--h2_typography-font-family);--awb-caption-title-font-weight:var(--h2_typography-font-weight);--awb-caption-title-font-style:var(--h2_typography-font-style);--awb-caption-title-size:var(--h2_typography-font-size);--awb-caption-title-transform:var(--h2_typography-text-transform);--awb-caption-title-line-height:var(--h2_typography-line-height);--awb-caption-title-letter-spacing:var(--h2_typography-letter-spacing);\"><span class=\" fusion-imageframe imageframe-none imageframe-2 hover-type-none\"><img decoding=\"async\" width=\"1034\" height=\"1040\" title=\"image (1)\" src=\"https:\/\/www.onixxmedia.com\/wp-content\/uploads\/2024\/12\/image-1-4.png\" alt class=\"img-responsive wp-image-16759\" srcset=\"https:\/\/www.onixxmedia.com\/wp-content\/uploads\/2024\/12\/image-1-4-200x200.png 200w, https:\/\/www.onixxmedia.com\/wp-content\/uploads\/2024\/12\/image-1-4-400x402.png 400w, https:\/\/www.onixxmedia.com\/wp-content\/uploads\/2024\/12\/image-1-4-600x603.png 600w, https:\/\/www.onixxmedia.com\/wp-content\/uploads\/2024\/12\/image-1-4-800x805.png 800w, https:\/\/www.onixxmedia.com\/wp-content\/uploads\/2024\/12\/image-1-4.png 1034w\" sizes=\"(max-width: 1024px) 100vw, (max-width: 640px) 100vw, 800px\" \/><\/span><\/div><\/div><\/div><\/div><\/div><\/p>\n","protected":false},"excerpt":{"rendered":"","protected":false},"author":13,"featured_media":0,"parent":0,"menu_order":0,"comment_status":"closed","ping_status":"closed","template":"100-width.php","meta":{"_acf_changed":false,"footnotes":""},"class_list":["post-16579","page","type-page","status-publish","hentry"],"acf":[],"_links":{"self":[{"href":"https:\/\/www.onixxmedia.com\/fr\/wp-json\/wp\/v2\/pages\/16579","targetHints":{"allow":["GET"]}}],"collection":[{"href":"https:\/\/www.onixxmedia.com\/fr\/wp-json\/wp\/v2\/pages"}],"about":[{"href":"https:\/\/www.onixxmedia.com\/fr\/wp-json\/wp\/v2\/types\/page"}],"author":[{"embeddable":true,"href":"https:\/\/www.onixxmedia.com\/fr\/wp-json\/wp\/v2\/users\/13"}],"replies":[{"embeddable":true,"href":"https:\/\/www.onixxmedia.com\/fr\/wp-json\/wp\/v2\/comments?post=16579"}],"version-history":[{"count":0,"href":"https:\/\/www.onixxmedia.com\/fr\/wp-json\/wp\/v2\/pages\/16579\/revisions"}],"wp:attachment":[{"href":"https:\/\/www.onixxmedia.com\/fr\/wp-json\/wp\/v2\/media?parent=16579"}],"curies":[{"name":"wp","href":"https:\/\/api.w.org\/{rel}","templated":true}]}}