{"id":16569,"date":"2024-11-30T16:43:04","date_gmt":"2024-11-30T16:43:04","guid":{"rendered":"https:\/\/www.onixxmedia.com\/?page_id=16569"},"modified":"2024-12-08T19:15:45","modified_gmt":"2024-12-08T19:15:45","slug":"offres-speciales-merci","status":"publish","type":"page","link":"https:\/\/www.onixxmedia.com\/fr\/offres-speciales-merci\/","title":{"rendered":"Offres Speciales Merci"},"content":{"rendered":"<div class=\"fusion-fullwidth fullwidth-box fusion-builder-row-1 fusion-flex-container has-pattern-background has-mask-background fusion-parallax-none nonhundred-percent-fullwidth non-hundred-percent-height-scrolling\" style=\"--awb-border-radius-top-left:0px;--awb-border-radius-top-right:0px;--awb-border-radius-bottom-right:0px;--awb-border-radius-bottom-left:0px;--awb-padding-top:46px;--awb-padding-bottom:100px;--awb-padding-bottom-small:50px;--awb-background-image:url(&quot;https:\/\/www.onixxmedia.com\/wp-content\/uploads\/2024\/06\/Frame-1000003948.png&quot;);--awb-background-size:cover;--awb-flex-wrap:wrap;\" ><div class=\"fusion-builder-row fusion-row fusion-flex-align-items-center fusion-flex-align-content-center fusion-flex-justify-content-center fusion-flex-content-wrap\" style=\"max-width:1362.4px;margin-left: calc(-4% \/ 2 );margin-right: calc(-4% \/ 2 );\"><div class=\"fusion-layout-column fusion_builder_column fusion-builder-column-0 fusion_builder_column_1_1 1_1 fusion-flex-column fusion-flex-align-self-center\" style=\"--awb-bg-size:cover;--awb-width-large:100%;--awb-margin-top-large:0px;--awb-spacing-right-large:1.92%;--awb-margin-bottom-large:20px;--awb-spacing-left-large:1.92%;--awb-width-medium:100%;--awb-order-medium:0;--awb-spacing-right-medium:1.92%;--awb-spacing-left-medium:1.92%;--awb-width-small:100%;--awb-order-small:0;--awb-spacing-right-small:1.92%;--awb-spacing-left-small:1.92%;\"><div class=\"fusion-column-wrapper fusion-column-has-shadow fusion-flex-justify-content-center fusion-content-layout-column\"><style>\n.fusion-tb-header{\ndisplay:none;\n}\n<\/style><div class=\"fusion-image-element \" style=\"text-align:center;--awb-margin-bottom:12px;--awb-max-width:100px;--awb-caption-title-font-family:var(--h2_typography-font-family);--awb-caption-title-font-weight:var(--h2_typography-font-weight);--awb-caption-title-font-style:var(--h2_typography-font-style);--awb-caption-title-size:var(--h2_typography-font-size);--awb-caption-title-transform:var(--h2_typography-text-transform);--awb-caption-title-line-height:var(--h2_typography-line-height);--awb-caption-title-letter-spacing:var(--h2_typography-letter-spacing);\"><span class=\" fusion-imageframe imageframe-none imageframe-1 hover-type-none\"><img decoding=\"async\" width=\"163\" height=\"240\" title=\"Vector\" src=\"https:\/\/www.onixxmedia.com\/wp-content\/uploads\/2024\/06\/Vector.png\" alt class=\"img-responsive wp-image-15945\" srcset=\"https:\/\/www.onixxmedia.com\/wp-content\/uploads\/2024\/06\/Vector-66x97.png 66w, https:\/\/www.onixxmedia.com\/wp-content\/uploads\/2024\/06\/Vector.png 163w\" sizes=\"(max-width: 163px) 100vw, 163px\" \/><\/span><\/div><div class=\"fusion-title title fusion-title-1 fusion-sep-none fusion-title-center fusion-title-text fusion-title-size-one\" style=\"--awb-margin-bottom:12px;--awb-margin-top-small:10px;--awb-margin-right-small:0px;--awb-margin-bottom-small:10px;--awb-margin-left-small:0px;--awb-font-size:60px;\"><h1 class=\"fusion-title-heading title-heading-center fusion-responsive-typography-calculated\" style=\"font-family:&quot;Parisienne&quot;;font-style:normal;font-weight:400;margin:0;font-size:1em;--fontSize:60;line-height:0.88;\">Merci<\/h1><\/div><div class=\"fusion-text fusion-text-1\" style=\"--awb-content-alignment:center;\"><p>d&rsquo;avoir choisi notre plan ! Notre \u00e9quipe vous contactera bient\u00f4t <br \/>pour s&rsquo;assurer que vous avez tout ce dont vous avez besoin.<\/p>\n<\/div><div style=\"text-align:center;\"><a class=\"fusion-button button-flat fusion-button-default-size button-default fusion-button-default button-1 fusion-button-default-span fusion-button-default-type\" style=\"--button-border-radius-top-left:150px;--button-border-radius-top-right:150px;--button-border-radius-bottom-right:150px;--button-border-radius-bottom-left:150px;\" target=\"_self\" href=\"\/fr\/\"><span class=\"fusion-button-text awb-button__text awb-button__text--default\">Accueil<\/span><i class=\"fa-arrow-right fas awb-button__icon awb-button__icon--default button-icon-right\" aria-hidden=\"true\"><\/i><\/a><\/div><\/div><\/div><div class=\"fusion-layout-column fusion_builder_column fusion-builder-column-1 fusion_builder_column_1_1 1_1 fusion-flex-column\" style=\"--awb-bg-size:cover;--awb-width-large:100%;--awb-margin-top-large:0px;--awb-spacing-right-large:1.92%;--awb-margin-bottom-large:20px;--awb-spacing-left-large:1.92%;--awb-width-medium:100%;--awb-order-medium:0;--awb-spacing-right-medium:1.92%;--awb-spacing-left-medium:1.92%;--awb-width-small:100%;--awb-order-small:0;--awb-spacing-right-small:1.92%;--awb-spacing-left-small:1.92%;\"><div class=\"fusion-column-wrapper fusion-column-has-shadow fusion-flex-justify-content-flex-start fusion-content-layout-column\"><link rel=\"stylesheet\" href=\"https:\/\/unpkg.com\/swiper\/swiper-bundle.min.css\" \/>\n<style>\n.swiper-container {\n  width: 100%;\n  height: 100%;\n}\n\n.swiper-slide {\n  display: flex;\n  justify-content: center;\n  align-items: center;\n}\n\n.testimonial {\n  background: #F9F9F9;\n  padding:46px 36px;\n  border-radius: 24px;\n  box-shadow: 0 2px 4px rgba(0, 0, 0, 0.1);\n  max-width: 600px;\n}\n\n.testimonial-text {\n  font-size: 18px;\n  line-height: 1.5;\n  margin-bottom: 20px;\n  font-weight:bold;\n}\n\n.testimonial-author {\n  display: flex;\n  align-items: center;\n}\n\n.testimonial-author img {\n  border-radius: 50%;\n  width: 60px;\n  height: 60px;\n  margin-right: 15px;\n}\n\n.author-info {\n  text-align: left;\n}\n\n.author-info h4 {\n  margin: 0;\n  font-size: 18px;\n}\n\n.author-info p {\n  margin: 0;\n  font-size: 14px;\n  color: #666;\n}\n\n.rating {\n  color: #FFD700;\n  font-size: 14px;\n}\n<\/style>\n\n<div class=\"swiper-container\">\n  <div class=\"swiper-wrapper\">\n    <!-- Slide 1 -->\n    <div class=\"swiper-slide\">\n      <div class=\"testimonial\">\n        <p class=\"testimonial-text\"><span style=\"color:#27BDBE; font-weight:bold;\">\u201c<\/span> Professional service, timely follow-ups and always finding new and improved ways to market your needs. Onixx Media is caters to your needs and goals. <span style=\"color:#27BDBE; font-weight:bold;\">\u201d<\/span><\/p>\n        <div class=\"testimonial-author\">\n          <img decoding=\"async\" src=\"https:\/\/www.onixxmedia.com\/wp-content\/uploads\/2024\/06\/Ellipse-494.png\" alt=\"Claudia Lenti\">\n          <div class=\"author-info\">\n            <h4>Claudia Lenti<\/h4>\n            <p>Singer<\/p>\n            <div class=\"rating\">\u2605\u2605\u2605\u2605\u2605<\/div>\n          <\/div>\n        <\/div>\n      <\/div>\n    <\/div>\n    <!-- Slide 2 -->\n    <div class=\"swiper-slide\">\n      <div class=\"testimonial\">\n        <p class=\"testimonial-text\"><span style=\"color:#27BDBE; font-weight:bold;\">\u201c<\/span> Un service hors-pairs et de qualit\u00e9. L\u2019\u00e9quipe d\u2019Onixx Media poss\u00e8de une compr\u00e9hension claire et pr\u00e9cise sur les attentes et les besoins de leurs clients. En plus d\u2019\u00eatre satisfait, je recommande vivement cette entreprise. <span style=\"color:#27BDBE; font-weight:bold;\">\u201d<\/span><\/p>\n        <div class=\"testimonial-author\">\n          <img decoding=\"async\" src=\"https:\/\/www.onixxmedia.com\/wp-content\/uploads\/2024\/06\/Ellipse-494-1.png\" alt=\"Guy-St\u00e9phane Mwamba\">\n          <div class=\"author-info\">\n            <h4>Guy-St\u00e9phane Mwamba<\/h4>\n            <p>Sankayi Restaurant & Lounge<\/p>\n            <div class=\"rating\">\u2605\u2605\u2605\u2605\u2605<\/div>\n          <\/div>\n        <\/div>\n      <\/div>\n    <\/div>\n    <!-- Add more slides as needed -->\n  <\/div>\n  <!-- Add Pagination -->\n  <div class=\"swiper-pagination\"><\/div>\n<\/div>\n<script src=\"https:\/\/unpkg.com\/swiper\/swiper-bundle.min.js\"><\/script>\n<script>\n  var swiper = new Swiper(\".swiper-container \", {\n    autoplay: true,\n    grabCursor: true,\n    loop: true,\n    \/\/ spaceBetween: 24,\n    \/\/ slidesPerView: 4,\n     pagination: {\nel: \".swiper-pagination.certificate\", \ndynamicBullets: true,\n\n    },\n    breakpoints: {\n      640: {\n        slidesPerView: 1,\n        spaceBetween: 0,\n        centeredSlides: true,\n      },\n      768: {\n        slidesPerView: 1,\n        spaceBetween: 10,\n        autoplay: {\n          disableOnInteraction: false,\n        },\n      },\n      1024: {\n        slidesPerView: 2,\n        spaceBetween: 10,\n                    centeredSlides: true,\n\n      },\n    },\n  });\n<\/script><\/div><\/div><\/div><\/div>\n","protected":false},"excerpt":{"rendered":"","protected":false},"author":13,"featured_media":0,"parent":0,"menu_order":0,"comment_status":"closed","ping_status":"closed","template":"100-width.php","meta":{"_acf_changed":false,"footnotes":""},"class_list":["post-16569","page","type-page","status-publish","hentry"],"acf":[],"_links":{"self":[{"href":"https:\/\/www.onixxmedia.com\/fr\/wp-json\/wp\/v2\/pages\/16569","targetHints":{"allow":["GET"]}}],"collection":[{"href":"https:\/\/www.onixxmedia.com\/fr\/wp-json\/wp\/v2\/pages"}],"about":[{"href":"https:\/\/www.onixxmedia.com\/fr\/wp-json\/wp\/v2\/types\/page"}],"author":[{"embeddable":true,"href":"https:\/\/www.onixxmedia.com\/fr\/wp-json\/wp\/v2\/users\/13"}],"replies":[{"embeddable":true,"href":"https:\/\/www.onixxmedia.com\/fr\/wp-json\/wp\/v2\/comments?post=16569"}],"version-history":[{"count":0,"href":"https:\/\/www.onixxmedia.com\/fr\/wp-json\/wp\/v2\/pages\/16569\/revisions"}],"wp:attachment":[{"href":"https:\/\/www.onixxmedia.com\/fr\/wp-json\/wp\/v2\/media?parent=16569"}],"curies":[{"name":"wp","href":"https:\/\/api.w.org\/{rel}","templated":true}]}}